{"id":5398,"date":"2020-05-21T14:54:09","date_gmt":"2020-05-21T18:54:09","guid":{"rendered":"https:\/\/nrc-industries.com\/?page_id=5398"},"modified":"2020-05-21T14:58:48","modified_gmt":"2020-05-21T18:58:48","slug":"telecommande-a-controles-proportionnels","status":"publish","type":"page","link":"https:\/\/nrc-industries.com\/fr\/technologies-nrc\/telecommande-a-controles-proportionnels\/","title":{"rendered":"T\u00e9l\u00e9commande \u00e0 contr\u00f4les proportionnels"},"content":{"rendered":"","protected":false},"excerpt":{"rendered":"","protected":false},"author":354,"featured_media":0,"parent":852,"menu_order":13,"comment_status":"closed","ping_status":"closed","template":"page-technology.php","meta":{"_acf_changed":false,"footnotes":""},"class_list":["post-5398","page","type-page","status-publish","hentry"],"acf":[],"_links":{"self":[{"href":"https:\/\/nrc-industries.com\/fr\/wp-json\/wp\/v2\/pages\/5398","targetHints":{"allow":["GET"]}}],"collection":[{"href":"https:\/\/nrc-industries.com\/fr\/wp-json\/wp\/v2\/pages"}],"about":[{"href":"https:\/\/nrc-industries.com\/fr\/wp-json\/wp\/v2\/types\/page"}],"author":[{"embeddable":true,"href":"https:\/\/nrc-industries.com\/fr\/wp-json\/wp\/v2\/users\/354"}],"replies":[{"embeddable":true,"href":"https:\/\/nrc-industries.com\/fr\/wp-json\/wp\/v2\/comments?post=5398"}],"version-history":[{"count":0,"href":"https:\/\/nrc-industries.com\/fr\/wp-json\/wp\/v2\/pages\/5398\/revisions"}],"up":[{"embeddable":true,"href":"https:\/\/nrc-industries.com\/fr\/wp-json\/wp\/v2\/pages\/852"}],"wp:attachment":[{"href":"https:\/\/nrc-industries.com\/fr\/wp-json\/wp\/v2\/media?parent=5398"}],"curies":[{"name":"wp","href":"https:\/\/api.w.org\/{rel}","templated":true}]}}